{"id":143,"date":"2016-08-11T07:36:22","date_gmt":"2016-08-11T07:36:22","guid":{"rendered":"http:\/\/sw-themes.com\/porto_dummy\/law-firm\/?page_id=143"},"modified":"2023-02-08T17:46:42","modified_gmt":"2023-02-08T14:46:42","slug":"home","status":"publish","type":"page","link":"https:\/\/bescherauto.com\/en\/","title":{"rendered":"HOME PAGE"},"content":{"rendered":"<div class=\"vc_row wpb_row row vc_custom_1675710992171\"><div class=\"vc_column_container col-md-12\"><div class=\"wpb_wrapper vc_column-inner\"><h3  class=\"vc_custom_heading align-left\">Popular Categories<\/h3><div class=\"porto-carousel owl-carousel has-ccols ccols-xl-5 ccols-lg-3 ccols-md-3 ccols-sm-2 ccols-1 stage-margin show-nav-hover\" data-plugin-options=\"{&quot;stagePadding&quot;:20,&quot;margin&quot;:5,&quot;autoplay&quot;:&quot;yes&quot;,&quot;autoplayTimeout&quot;:5000,&quot;autoplayHoverPause&quot;:&quot;true&quot;,&quot;items&quot;:5,&quot;lg&quot;:3,&quot;md&quot;:3,&quot;sm&quot;:2,&quot;xs&quot;:1,&quot;nav&quot;:&quot;yes&quot;,&quot;dots&quot;:&quot;yes&quot;,&quot;animateIn&quot;:&quot;&quot;,&quot;animateOut&quot;:&quot;&quot;,&quot;loop&quot;:&quot;yes&quot;,&quot;center&quot;:false,&quot;video&quot;:false,&quot;lazyLoad&quot;:false,&quot;fullscreen&quot;:false}\">\n\t<div class=\"wpb_single_image wpb_content_element vc_align_left\">\n\t\t<div class=\"wpb_wrapper\">\n\t\t\t\n\t\t\t<div class=\"vc_single_image-wrapper vc_box_rounded  vc_box_border_grey\"><img loading=\"lazy\" decoding=\"async\" width=\"400\" height=\"400\" src=\"https:\/\/bescherauto.com\/wp-content\/uploads\/2023\/02\/elekt-ENG.webp\" class=\"vc_single_image-img attachment-full\" alt=\"\" sizes=\"auto, (max-width: 400px) 100vw, 400px\" \/><\/div>\n\t\t<\/div>\n\t<\/div>\n\n\t<div class=\"wpb_single_image wpb_content_element vc_align_left\">\n\t\t<div class=\"wpb_wrapper\">\n\t\t\t\n\t\t\t<div class=\"vc_single_image-wrapper vc_box_rounded  vc_box_border_grey\"><img loading=\"lazy\" decoding=\"async\" width=\"400\" height=\"400\" src=\"https:\/\/bescherauto.com\/wp-content\/uploads\/2023\/02\/motorveyakit-ENG.webp\" class=\"vc_single_image-img attachment-full\" alt=\"\" sizes=\"auto, (max-width: 400px) 100vw, 400px\" \/><\/div>\n\t\t<\/div>\n\t<\/div>\n\n\t<div class=\"wpb_single_image wpb_content_element vc_align_left\">\n\t\t<div class=\"wpb_wrapper\">\n\t\t\t\n\t\t\t<div class=\"vc_single_image-wrapper vc_box_rounded  vc_box_border_grey\"><img loading=\"lazy\" decoding=\"async\" width=\"400\" height=\"400\" src=\"https:\/\/bescherauto.com\/wp-content\/uploads\/2023\/02\/Suspension-and-Steering.png\" class=\"vc_single_image-img attachment-full\" alt=\"\" sizes=\"auto, (max-width: 400px) 100vw, 400px\" \/><\/div>\n\t\t<\/div>\n\t<\/div>\n\n\t<div class=\"wpb_single_image wpb_content_element vc_align_left\">\n\t\t<div class=\"wpb_wrapper\">\n\t\t\t\n\t\t\t<div class=\"vc_single_image-wrapper vc_box_rounded  vc_box_border_grey\"><img loading=\"lazy\" decoding=\"async\" width=\"400\" height=\"400\" src=\"https:\/\/bescherauto.com\/wp-content\/uploads\/2023\/02\/sanziman-ENG.webp\" class=\"vc_single_image-img attachment-full\" alt=\"\" sizes=\"auto, (max-width: 400px) 100vw, 400px\" \/><\/div>\n\t\t<\/div>\n\t<\/div>\n\n\t<div class=\"wpb_single_image wpb_content_element vc_align_left\">\n\t\t<div class=\"wpb_wrapper\">\n\t\t\t\n\t\t\t<div class=\"vc_single_image-wrapper vc_box_rounded  vc_box_border_grey\"><img loading=\"lazy\" decoding=\"async\" width=\"400\" height=\"400\" src=\"https:\/\/bescherauto.com\/wp-content\/uploads\/2023\/02\/filtre-ENG.webp\" class=\"vc_single_image-img attachment-full\" alt=\"\" sizes=\"auto, (max-width: 400px) 100vw, 400px\" \/><\/div>\n\t\t<\/div>\n\t<\/div>\n<\/div><\/div><\/div><\/div><div class=\"vc_row wpb_row section section-default mt-0 section-no-borders porto-inner-container\"><div class=\"porto-wrap-container container\"><div class=\"row\"><div class=\"vc_column_container col-md-12\"><div class=\"wpb_wrapper vc_column-inner\"><h2 style=\"text-align: center\" class=\"vc_custom_heading m-t-lg m-b-none\">Bescher Automotive<\/h2><div class=\"porto-separator\"><div class=\"divider divider-small  align_center solid divider-small-center\"><hr  style=\"background-color:#dd2b1c;height:3px;\"><\/div><\/div>\n\t<div class=\"wpb_text_column wpb_content_element  m-t-lg\" >\n\t\t<div class=\"wpb_wrapper\">\n\t\t\t<h4 style=\"text-align: center;\">As BESCHER OTOMOT\u0130V, our company, located in YEDPA Trade Center, without sacrificing quality in the spare parts sector since the first day of its establishment, manufactures and imports spare parts for RENAULT, DACIA, FIAT, PEUGEOT, OPEL, VOLKWAGEN, FORD vehicle brands to our customers.<\/h4>\n<h4 style=\"text-align: center;\">Our adventure, which started in the auto spare parts sector in 1997, was riveted by activating BESCHER OTOMOT\u0130V in 2019. Our aim is to be a pioneer and leader in the auto spare parts sector by offering our 26 years of experience, knowledge and experience to our valued customers, without sacrificing quality.<\/h4>\n<p style=\"text-align: center;\"><a href=\"https:\/\/bescherauto.com\/en\/hakkimizda\/\">Read More<\/a><\/p>\n\n\t\t<\/div>\n\t<\/div>\n<h3 style=\"text-align: center\" class=\"vc_custom_heading m-t-lg m-b-none\">Our Company Brands<\/h3><div class=\"porto-separator\"><div class=\"divider divider-small  align_center solid divider-small-center\"><hr  style=\"background-color:#dd2b1c;height:3px;\"><\/div><\/div><div class=\"vc_row wpb_row vc_inner row\"><div class=\"vc_column_container col-md-4\"><div class=\"wpb_wrapper vc_column-inner\">\n\t<div class=\"wpb_single_image wpb_content_element vc_align_left\">\n\t\t<div class=\"wpb_wrapper\">\n\t\t\t\n\t\t\t<div class=\"vc_single_image-wrapper   vc_box_border_grey\"><img loading=\"lazy\" decoding=\"async\" width=\"500\" height=\"130\" src=\"https:\/\/bescherauto.com\/wp-content\/uploads\/2023\/02\/neiman.webp\" class=\"vc_single_image-img attachment-full\" alt=\"\" srcset=\"https:\/\/bescherauto.com\/wp-content\/uploads\/2023\/02\/neiman.webp 500w, https:\/\/bescherauto.com\/wp-content\/uploads\/2023\/02\/neiman-400x104.webp 400w, https:\/\/bescherauto.com\/wp-content\/uploads\/2023\/02\/neiman-367x95.webp 367w\" sizes=\"auto, (max-width: 500px) 100vw, 500px\" \/><\/div>\n\t\t<\/div>\n\t<\/div>\n<\/div><\/div><div class=\"vc_column_container col-md-4\"><div class=\"wpb_wrapper vc_column-inner\">\n\t<div class=\"wpb_single_image wpb_content_element vc_align_left\">\n\t\t<div class=\"wpb_wrapper\">\n\t\t\t\n\t\t\t<div class=\"vc_single_image-wrapper   vc_box_border_grey\"><img loading=\"lazy\" decoding=\"async\" width=\"500\" height=\"130\" src=\"https:\/\/bescherauto.com\/wp-content\/uploads\/2023\/02\/Logo-Bescher.webp\" class=\"vc_single_image-img attachment-full\" alt=\"\" srcset=\"https:\/\/bescherauto.com\/wp-content\/uploads\/2023\/02\/Logo-Bescher.webp 500w, https:\/\/bescherauto.com\/wp-content\/uploads\/2023\/02\/Logo-Bescher-400x104.webp 400w, https:\/\/bescherauto.com\/wp-content\/uploads\/2023\/02\/Logo-Bescher-367x95.webp 367w\" sizes=\"auto, (max-width: 500px) 100vw, 500px\" \/><\/div>\n\t\t<\/div>\n\t<\/div>\n<\/div><\/div><div class=\"vc_column_container col-md-4\"><div class=\"wpb_wrapper vc_column-inner\">\n\t<div class=\"wpb_single_image wpb_content_element vc_align_left\">\n\t\t<div class=\"wpb_wrapper\">\n\t\t\t\n\t\t\t<div class=\"vc_single_image-wrapper   vc_box_border_grey\"><img loading=\"lazy\" decoding=\"async\" width=\"500\" height=\"130\" src=\"https:\/\/bescherauto.com\/wp-content\/uploads\/2023\/02\/akkd-logo.webp\" class=\"vc_single_image-img attachment-full\" alt=\"\" srcset=\"https:\/\/bescherauto.com\/wp-content\/uploads\/2023\/02\/akkd-logo.webp 500w, https:\/\/bescherauto.com\/wp-content\/uploads\/2023\/02\/akkd-logo-400x104.webp 400w, https:\/\/bescherauto.com\/wp-content\/uploads\/2023\/02\/akkd-logo-367x95.webp 367w\" sizes=\"auto, (max-width: 500px) 100vw, 500px\" \/><\/div>\n\t\t<\/div>\n\t<\/div>\n<\/div><\/div><\/div><h3 style=\"text-align: center\" class=\"vc_custom_heading m-t-lg m-b-none\">Our Vehicle Groups<\/h3><div class=\"porto-separator\"><div class=\"divider divider-small  align_center solid divider-small-center\"><hr  style=\"background-color:#dd2b1c;height:3px;\"><\/div><\/div><div class=\"vc_row wpb_row vc_inner row vc_custom_1675687551442\"><div class=\"vc_column_container col-md-12\"><div class=\"wpb_wrapper vc_column-inner\"><div class=\"porto-carousel owl-carousel has-ccols ccols-xl-6 ccols-lg-4 ccols-md-3 ccols-sm-2 ccols-1 stage-margin show-nav-hover\" data-plugin-options=\"{&quot;stagePadding&quot;:40,&quot;margin&quot;:10,&quot;autoplay&quot;:false,&quot;autoplayTimeout&quot;:5000,&quot;autoplayHoverPause&quot;:false,&quot;items&quot;:6,&quot;lg&quot;:4,&quot;md&quot;:3,&quot;sm&quot;:2,&quot;xs&quot;:1,&quot;nav&quot;:&quot;yes&quot;,&quot;dots&quot;:&quot;yes&quot;,&quot;animateIn&quot;:&quot;&quot;,&quot;animateOut&quot;:&quot;&quot;,&quot;loop&quot;:false,&quot;center&quot;:false,&quot;video&quot;:false,&quot;lazyLoad&quot;:false,&quot;fullscreen&quot;:false}\">\n\t<div class=\"wpb_single_image wpb_content_element vc_align_center\">\n\t\t<div class=\"wpb_wrapper\">\n\t\t\t\n\t\t\t<div class=\"vc_single_image-wrapper vc_box_shadow_3d  vc_box_border_grey\"><span class=\"vc_box_shadow_3d_wrap\"><img loading=\"lazy\" decoding=\"async\" width=\"300\" height=\"150\" src=\"https:\/\/bescherauto.com\/wp-content\/uploads\/2023\/02\/Reno-Logo.webp\" class=\"vc_single_image-img attachment-full\" alt=\"\" \/><\/span><\/div>\n\t\t<\/div>\n\t<\/div>\n\n\t<div class=\"wpb_single_image wpb_content_element vc_align_center\">\n\t\t<div class=\"wpb_wrapper\">\n\t\t\t\n\t\t\t<div class=\"vc_single_image-wrapper vc_box_shadow_3d  vc_box_border_grey\"><span class=\"vc_box_shadow_3d_wrap\"><img loading=\"lazy\" decoding=\"async\" width=\"300\" height=\"150\" src=\"https:\/\/bescherauto.com\/wp-content\/uploads\/2023\/02\/fiat-logo.webp\" class=\"vc_single_image-img attachment-full\" alt=\"\" \/><\/span><\/div>\n\t\t<\/div>\n\t<\/div>\n\n\t<div class=\"wpb_single_image wpb_content_element vc_align_center\">\n\t\t<div class=\"wpb_wrapper\">\n\t\t\t\n\t\t\t<div class=\"vc_single_image-wrapper vc_box_shadow_3d  vc_box_border_grey\"><span class=\"vc_box_shadow_3d_wrap\"><img loading=\"lazy\" decoding=\"async\" width=\"300\" height=\"150\" src=\"https:\/\/bescherauto.com\/wp-content\/uploads\/2023\/02\/dacia-logo.webp\" class=\"vc_single_image-img attachment-full\" alt=\"\" \/><\/span><\/div>\n\t\t<\/div>\n\t<\/div>\n\n\t<div class=\"wpb_single_image wpb_content_element vc_align_center\">\n\t\t<div class=\"wpb_wrapper\">\n\t\t\t\n\t\t\t<div class=\"vc_single_image-wrapper vc_box_shadow_3d  vc_box_border_grey\"><span class=\"vc_box_shadow_3d_wrap\"><img loading=\"lazy\" decoding=\"async\" width=\"300\" height=\"150\" src=\"https:\/\/bescherauto.com\/wp-content\/uploads\/2023\/02\/pejo-logo.webp\" class=\"vc_single_image-img attachment-full\" alt=\"\" \/><\/span><\/div>\n\t\t<\/div>\n\t<\/div>\n\n\t<div class=\"wpb_single_image wpb_content_element vc_align_center\">\n\t\t<div class=\"wpb_wrapper\">\n\t\t\t\n\t\t\t<div class=\"vc_single_image-wrapper vc_box_shadow_3d  vc_box_border_grey\"><span class=\"vc_box_shadow_3d_wrap\"><img loading=\"lazy\" decoding=\"async\" width=\"300\" height=\"150\" src=\"https:\/\/bescherauto.com\/wp-content\/uploads\/2023\/02\/citroen-logo.webp\" class=\"vc_single_image-img attachment-full\" alt=\"\" \/><\/span><\/div>\n\t\t<\/div>\n\t<\/div>\n\n\t<div class=\"wpb_single_image wpb_content_element vc_align_center\">\n\t\t<div class=\"wpb_wrapper\">\n\t\t\t\n\t\t\t<div class=\"vc_single_image-wrapper vc_box_shadow_3d  vc_box_border_grey\"><span class=\"vc_box_shadow_3d_wrap\"><img loading=\"lazy\" decoding=\"async\" width=\"300\" height=\"150\" src=\"https:\/\/bescherauto.com\/wp-content\/uploads\/2023\/02\/Vols.webp\" class=\"vc_single_image-img attachment-full\" alt=\"\" \/><\/span><\/div>\n\t\t<\/div>\n\t<\/div>\n\n\t<div class=\"wpb_single_image wpb_content_element vc_align_center\">\n\t\t<div class=\"wpb_wrapper\">\n\t\t\t\n\t\t\t<div class=\"vc_single_image-wrapper vc_box_shadow_3d  vc_box_border_grey\"><span class=\"vc_box_shadow_3d_wrap\"><img loading=\"lazy\" decoding=\"async\" width=\"300\" height=\"150\" src=\"https:\/\/bescherauto.com\/wp-content\/uploads\/2023\/02\/ford-logo.webp\" class=\"vc_single_image-img attachment-full\" alt=\"\" \/><\/span><\/div>\n\t\t<\/div>\n\t<\/div>\n\n\t<div class=\"wpb_single_image wpb_content_element vc_align_center\">\n\t\t<div class=\"wpb_wrapper\">\n\t\t\t\n\t\t\t<div class=\"vc_single_image-wrapper vc_box_shadow_3d  vc_box_border_grey\"><span class=\"vc_box_shadow_3d_wrap\"><img loading=\"lazy\" decoding=\"async\" width=\"300\" height=\"150\" src=\"https:\/\/bescherauto.com\/wp-content\/uploads\/2023\/02\/opel-logo.webp\" class=\"vc_single_image-img attachment-full\" alt=\"\" \/><\/span><\/div>\n\t\t<\/div>\n\t<\/div>\n\n\t<div class=\"wpb_single_image wpb_content_element vc_align_center\">\n\t\t<div class=\"wpb_wrapper\">\n\t\t\t\n\t\t\t<div class=\"vc_single_image-wrapper vc_box_shadow_3d  vc_box_border_grey\"><span class=\"vc_box_shadow_3d_wrap\"><img loading=\"lazy\" decoding=\"async\" width=\"300\" height=\"150\" src=\"https:\/\/bescherauto.com\/wp-content\/uploads\/2023\/02\/Hundai-logo.webp\" class=\"vc_single_image-img attachment-full\" alt=\"\" \/><\/span><\/div>\n\t\t<\/div>\n\t<\/div>\n\n\t<div class=\"wpb_single_image wpb_content_element vc_align_center\">\n\t\t<div class=\"wpb_wrapper\">\n\t\t\t\n\t\t\t<div class=\"vc_single_image-wrapper vc_box_shadow_3d  vc_box_border_grey\"><span class=\"vc_box_shadow_3d_wrap\"><img loading=\"lazy\" decoding=\"async\" width=\"300\" height=\"150\" src=\"https:\/\/bescherauto.com\/wp-content\/uploads\/2023\/02\/Toyota-logo.webp\" class=\"vc_single_image-img attachment-full\" alt=\"\" \/><\/span><\/div>\n\t\t<\/div>\n\t<\/div>\n<\/div><\/div><\/div><\/div><\/div><\/div><\/div><\/div><\/div><div class=\"vc_row wpb_row section section-parallax mt-0 mb-0 section-no-borders porto-inner-container\"><div class=\"porto-wrap-container container\"><div class=\"row\"><div class=\"m-t-md m-b-md vc_column_container col-md-3\"><div class=\"wpb_wrapper vc_column-inner\"><div class=\"stats-block stats-top  m-b-none\"><div class=\"porto-sicon-top\"><div id=\"porto-icon-99877047469f3c75aed93f\" class=\"porto-just-icon-wrapper\" style=\"text-align:center;\"><div class=\"porto-sicon-img\" style=\"display:inline-block;font-size: 130px;\"><img loading=\"lazy\" decoding=\"async\" class=\"img-icon\" alt=\"\" src=\"https:\/\/bescherauto.com\/wp-content\/uploads\/2023\/02\/yillik-sevkiyat.png\" width=\"110\" height=\"100\" \/><\/div><\/div><\/div><div class=\"stats-desc\"><div id=\"counter_153485585269f3c75aed950\" data-id=\"counter_153485585269f3c75aed950\" class=\"stats-number\" style=\"font-size:50px; color:#000000;\" data-speed=\"3\" data-counter-value=\"19000\" data-separator=\"none\" data-decimal=\"none\">0<\/div><div class=\"counter_suffix mycust\" style=\"font-size:50px; color:#000000\">+<\/div><div class=\"stats-text\" style=\"color:#000000;font-size:20px;\">Annual Stock Number<\/div><\/div><\/div><\/div><\/div><div class=\"m-t-md m-b-md vc_column_container col-md-3\"><div class=\"wpb_wrapper vc_column-inner\"><div class=\"stats-block stats-top  m-b-none\"><div class=\"porto-sicon-top\"><div id=\"porto-icon-91437363969f3c75aedc8b\" class=\"porto-just-icon-wrapper\" style=\"text-align:center;\"><div class=\"porto-sicon-img\" style=\"display:inline-block;font-size: 130px;\"><img loading=\"lazy\" decoding=\"async\" class=\"img-icon\" alt=\"\" src=\"https:\/\/bescherauto.com\/wp-content\/uploads\/2023\/02\/Stok.png\" width=\"110\" height=\"100\" \/><\/div><\/div><\/div><div class=\"stats-desc\"><div id=\"counter_213978878069f3c75aedc9b\" data-id=\"counter_213978878069f3c75aedc9b\" class=\"stats-number\" style=\"font-size:50px; color:#000000;\" data-speed=\"3\" data-counter-value=\"37500\" data-separator=\"none\" data-decimal=\"none\">0<\/div><div class=\"counter_suffix mycust\" style=\"font-size:50px; color:#000000\">+<\/div><div class=\"stats-text\" style=\"color:#000000;font-size:20px;\">Current Stock Number<\/div><\/div><\/div><\/div><\/div><div class=\"m-t-md m-b-md vc_column_container col-md-3\"><div class=\"wpb_wrapper vc_column-inner\"><div class=\"stats-block stats-top  m-b-none\"><div class=\"porto-sicon-top\"><div id=\"porto-icon-99580613869f3c75aedfa3\" class=\"porto-just-icon-wrapper\" style=\"text-align:center;\"><div class=\"porto-sicon-img\" style=\"display:inline-block;font-size: 130px;\"><img loading=\"lazy\" decoding=\"async\" class=\"img-icon\" alt=\"\" src=\"https:\/\/bescherauto.com\/wp-content\/uploads\/2023\/02\/sevkiyat.png\" width=\"110\" height=\"100\" \/><\/div><\/div><\/div><div class=\"stats-desc\"><div id=\"counter_206306515269f3c75aedfb2\" data-id=\"counter_206306515269f3c75aedfb2\" class=\"stats-number\" style=\"font-size:50px; color:#000000;\" data-speed=\"3\" data-counter-value=\"110000\" data-separator=\"none\" data-decimal=\"none\">0<\/div><div class=\"counter_suffix mycust\" style=\"font-size:50px; color:#000000\">+<\/div><div class=\"stats-text\" style=\"color:#000000;font-size:20px;\">Number of Shipments per Year<\/div><\/div><\/div><\/div><\/div><div class=\"m-t-md m-b-md vc_column_container col-md-3\"><div class=\"wpb_wrapper vc_column-inner\"><div class=\"stats-block stats-top  m-b-none\"><div class=\"porto-sicon-top\"><div id=\"porto-icon-168119527569f3c75aee2b4\" class=\"porto-just-icon-wrapper\" style=\"text-align:center;\"><div class=\"porto-sicon-img\" style=\"display:inline-block;font-size: 130px;\"><img loading=\"lazy\" decoding=\"async\" class=\"img-icon\" alt=\"\" src=\"https:\/\/bescherauto.com\/wp-content\/uploads\/2023\/02\/referans.png\" width=\"110\" height=\"100\" \/><\/div><\/div><\/div><div class=\"stats-desc\"><div id=\"counter_111000804669f3c75aee2c3\" data-id=\"counter_111000804669f3c75aee2c3\" class=\"stats-number\" style=\"font-size:50px; color:#000000;\" data-speed=\"3\" data-counter-value=\"9870\" data-separator=\"none\" data-decimal=\"none\">0<\/div><div class=\"counter_suffix mycust\" style=\"font-size:50px; color:#000000\">+<\/div><div class=\"stats-text\" style=\"color:#000000;font-size:20px;\">Current Stock Number<\/div><\/div><\/div><\/div><\/div><\/div><\/div><\/div><div class=\"vc_row wpb_row bg-pos-bottom vc_custom_1675762945387 section section-parallax mt-0 mb-0 vc_row-has-fill porto-inner-container\"><div class=\"porto-wrap-container container\"><div class=\"row\"><div class=\"vc_column_container col-md-6 d-lg-block d-none\"><div class=\"wpb_wrapper vc_column-inner\"><h2 style=\"color: #ffffff\" class=\"vc_custom_heading m-t-lg m-b-none align-left\">We are ready to answer your questions..<\/h2>\n\t<div class=\"wpb_text_column wpb_content_element  m-b-none\" >\n\t\t<div class=\"wpb_wrapper\">\n\t\t\t<p>Our customer representative will get back to you as soon as possible.<\/p>\n\n\t\t<\/div>\n\t<\/div>\n<div class=\"porto-separator\"><div class=\"divider divider-small  align_left solid\"><hr  style=\"background-color:#ffffff;height:3px;\"><\/div><\/div>\n<div class=\"wpcf7 no-js\" id=\"wpcf7-f25-o1\" lang=\"en-US\" dir=\"ltr\">\n<div class=\"screen-reader-response\"><p role=\"status\" aria-live=\"polite\" aria-atomic=\"true\"><\/p> <ul><\/ul><\/div>\n<form action=\"\/en\/wp-json\/wp\/v2\/pages\/143#wpcf7-f25-o1\" method=\"post\" class=\"wpcf7-form init\" aria-label=\"Contact form\" novalidate=\"novalidate\" data-status=\"init\" data-trp-original-action=\"\/en\/wp-json\/wp\/v2\/pages\/143#wpcf7-f25-o1\">\n<div style=\"display: none;\">\n<input type=\"hidden\" name=\"_wpcf7\" value=\"25\" \/>\n<input type=\"hidden\" name=\"_wpcf7_version\" value=\"5.7.3\" \/>\n<input type=\"hidden\" name=\"_wpcf7_locale\" value=\"en_US\" \/>\n<input type=\"hidden\" name=\"_wpcf7_unit_tag\" value=\"wpcf7-f25-o1\" \/>\n<input type=\"hidden\" name=\"_wpcf7_container_post\" value=\"0\" \/>\n<input type=\"hidden\" name=\"_wpcf7_posted_data_hash\" value=\"\" \/>\n<\/div>\n<div class=\"row\">\n\t<div class=\"col-lg-6\">\n\t\t<div class=\"form-group\">\n\t\t\t<p><span class=\"wpcf7-form-control-wrap\" data-name=\"your-name\"><input size=\"40\" class=\"wpcf7-form-control wpcf7-text wpcf7-validates-as-required form-control\" id=\"contact-name\" aria-required=\"true\" aria-invalid=\"false\" placeholder=\"Your name *\" value=\"\" type=\"text\" name=\"your-name\" \/><\/span>\n\t\t\t<\/p>\n\t\t<\/div>\n\t<\/div>\n\t<div class=\"col-lg-6\">\n\t\t<div class=\"form-group\">\n\t\t\t<p><span class=\"wpcf7-form-control-wrap\" data-name=\"your-email\"><input size=\"40\" class=\"wpcf7-form-control wpcf7-text wpcf7-email wpcf7-validates-as-required wpcf7-validates-as-email form-control\" id=\"contact-email\" aria-required=\"true\" aria-invalid=\"false\" placeholder=\"Your phone number *\" value=\"\" type=\"email\" name=\"your-email\" \/><\/span>\n\t\t\t<\/p>\n\t\t<\/div>\n\t<\/div>\n\t<div class=\"col-lg-12\">\n\t\t<div class=\"form-group\">\n\t\t\t<p><span class=\"wpcf7-form-control-wrap\" data-name=\"your-subject\"><input size=\"40\" class=\"wpcf7-form-control wpcf7-text wpcf7-validates-as-required form-control\" id=\"contact-subject\" aria-required=\"true\" aria-invalid=\"false\" placeholder=\"Subject *\" value=\"\" type=\"text\" name=\"your-subject\" \/><\/span>\n\t\t\t<\/p>\n\t\t<\/div>\n\t<\/div>\n\t<div class=\"col-lg-12\">\n\t\t<div class=\"form-group\">\n\t\t\t<p><span class=\"wpcf7-form-control-wrap\" data-name=\"your-message\"><textarea cols=\"40\" rows=\"3\" class=\"wpcf7-form-control wpcf7-textarea wpcf7-validates-as-required form-control\" id=\"contact-message\" aria-required=\"true\" aria-invalid=\"false\" placeholder=\"Your message*\" name=\"your-message\"><\/textarea><\/span>\n\t\t\t<\/p>\n\t\t<\/div>\n\t<\/div>\n\t<div class=\"col-lg-12\">\n\t\t<div class=\"form-group\">\n\t\t\t<p><input class=\"wpcf7-form-control has-spinner wpcf7-submit btn btn-primary\" type=\"submit\" value=\"Send an Email\" \/>\n\t\t\t<\/p>\n\t\t<\/div>\n\t<\/div>\n<\/div><div class=\"wpcf7-response-output\" aria-hidden=\"true\"><\/div>\n<input type=\"hidden\" name=\"trp-form-language\" value=\"en\"\/><\/form>\n<\/div>\n<\/div><\/div><div class=\"vc_column_container col-md-12 col-lg-6\"><div class=\"wpb_wrapper vc_column-inner\"><\/div><\/div><\/div><\/div><\/div><section class=\"vc_section vc_custom_1675866914825 vc_section-has-fill\"><div class=\"vc_row wpb_row row\"><div class=\"vc_column_container col-md-12\"><div class=\"wpb_wrapper vc_column-inner\">\n\t<div class=\"wpb_text_column wpb_content_element  vc_custom_1675674246565\" >\n\t\t<div class=\"wpb_wrapper\">\n\t\t\t\n\t\t<\/div>\n\t<\/div>\n<\/div><\/div><\/div><\/section>","protected":false},"excerpt":{"rendered":"Pop\u00fcler Kategoriler Bescher Otomotiv BESCHER OTOMOT\u0130V Olarak kuruldu\u011fumuz ilk g\u00fcnden itibaren yedek par\u00e7a sekt\u00f6r\u00fcnde kaliteden \u00f6d\u00fcn vermeden YEDPA Ticaret Merkezinde bulunan \u015firketimiz ,m\u00fc\u015fterilerimize RENAULT,DACIA,FIAT,PEUGEOT,OPEL,VOLKWAGEN,FORD ara\u00e7 markalar\u0131n\u0131n yedek par\u00e7a imalat ve ithalat\u0131n\u0131 yapmaktad\u0131r. Oto yedek par\u00e7a sekt\u00f6r\u00fcnde 1997 y\u0131l\u0131nda ba\u015flayan ser\u00fcvenimiz 2019 y\u0131l\u0131nda BESCHER OTOMOT\u0130V firmas\u0131n\u0131 faaliyete ge\u00e7irerek per\u00e7inlenmi\u015ftir.Sekt\u00f6rdeki 26 y\u0131ll\u0131k tecr\u00fcbe,birikim ve deneyimimizi siz degerli [...]","protected":false},"author":1,"featured_media":0,"parent":0,"menu_order":0,"comment_status":"closed","ping_status":"closed","template":"","meta":{"footnotes":""},"class_list":["post-143","page","type-page","status-publish","hentry"],"_links":{"self":[{"href":"https:\/\/bescherauto.com\/en\/wp-json\/wp\/v2\/pages\/143","targetHints":{"allow":["GET"]}}],"collection":[{"href":"https:\/\/bescherauto.com\/en\/wp-json\/wp\/v2\/pages"}],"about":[{"href":"https:\/\/bescherauto.com\/en\/wp-json\/wp\/v2\/types\/page"}],"author":[{"embeddable":true,"href":"https:\/\/bescherauto.com\/en\/wp-json\/wp\/v2\/users\/1"}],"replies":[{"embeddable":true,"href":"https:\/\/bescherauto.com\/en\/wp-json\/wp\/v2\/comments?post=143"}],"version-history":[{"count":23,"href":"https:\/\/bescherauto.com\/en\/wp-json\/wp\/v2\/pages\/143\/revisions"}],"predecessor-version":[{"id":250,"href":"https:\/\/bescherauto.com\/en\/wp-json\/wp\/v2\/pages\/143\/revisions\/250"}],"wp:attachment":[{"href":"https:\/\/bescherauto.com\/en\/wp-json\/wp\/v2\/media?parent=143"}],"curies":[{"name":"wp","href":"https:\/\/api.w.org\/{rel}","templated":true}]}}