{"id":238,"date":"2023-02-06T19:07:52","date_gmt":"2023-02-06T16:07:52","guid":{"rendered":"https:\/\/bescherauto.com\/?page_id=238"},"modified":"2023-02-06T22:05:26","modified_gmt":"2023-02-06T19:05:26","slug":"bayimiz-ol","status":"publish","type":"page","link":"https:\/\/bescherauto.com\/en\/bayimiz-ol\/","title":{"rendered":"Become Our Dealer"},"content":{"rendered":"<section class=\"vc_section vc_custom_1675709534835\"><div class=\"vc_row wpb_row row\"><div class=\"vc_column_container col-md-12\"><div class=\"wpb_wrapper vc_column-inner\"><h3  class=\"vc_custom_heading align-left\">Please fill out the dealership form below and send it to us.<br \/>\nWe will get back to you as soon as possible.<\/h3>\n\t<div class=\"wpb_raw_code wpb_content_element wpb_raw_html vc_custom_1675709614525\" >\n\t\t<div class=\"wpb_wrapper\">\n\t\t\t<div class=\"wpforms-container wpforms-container-full\" id=\"wpforms-237\"><form id=\"wpforms-form-237\" class=\"wpforms-validate wpforms-form wpforms-ajax-form\" data-formid=\"237\" method=\"post\" enctype=\"multipart\/form-data\" action=\"\/en\/wp-json\/wp\/v2\/pages\/238\" data-token=\"85fdbd04241187a87a4ebeb6c097e359\" data-trp-original-action=\"\/en\/wp-json\/wp\/v2\/pages\/238\"><noscript class=\"wpforms-error-noscript\">Please enable JavaScript in your browser to complete this form.<\/noscript><div class=\"wpforms-field-container\"><div id=\"wpforms-237-field_1-container\" class=\"wpforms-field wpforms-field-text wpforms-one-half wpforms-firstwpforms-one-half wpforms-first\" data-field-id=\"1\"><label class=\"wpforms-field-label\" for=\"wpforms-237-field_1\">Company Name <span class=\"wpforms-required-label\">*<\/span><\/label><input type=\"text\" id=\"wpforms-237-field_1\" class=\"wpforms-field-large wpforms-field-required\" name=\"wpforms[fields][1]\" required><\/div><div id=\"wpforms-237-field_2-container\" class=\"wpforms-field wpforms-field-text wpforms-one-halfwpforms-one-half wpforms-one-half\" data-field-id=\"2\"><label class=\"wpforms-field-label\" for=\"wpforms-237-field_2\">Company Representative <span class=\"wpforms-required-label\">*<\/span><\/label><input type=\"text\" id=\"wpforms-237-field_2\" class=\"wpforms-field-large wpforms-field-required\" name=\"wpforms[fields][2]\" required><\/div><div id=\"wpforms-237-field_3-container\" class=\"wpforms-field wpforms-field-email wpforms-one-half wpforms-firstwpforms-one-half wpforms-first\" data-field-id=\"3\"><label class=\"wpforms-field-label\" for=\"wpforms-237-field_3\">E-Mail <span class=\"wpforms-required-label\">*<\/span><\/label><input type=\"email\" id=\"wpforms-237-field_3\" class=\"wpforms-field-large wpforms-field-required\" name=\"wpforms[fields][3]\" required><\/div><div id=\"wpforms-237-field_4-container\" class=\"wpforms-field wpforms-field-phone wpforms-one-half wpforms-one-halfwpforms-one-half\" data-field-id=\"4\"><label class=\"wpforms-field-label\" for=\"wpforms-237-field_4\">Phone * <span class=\"wpforms-required-label\">*<\/span><\/label><input type=\"tel\" id=\"wpforms-237-field_4\" class=\"wpforms-field-large wpforms-field-required wpforms-smart-phone-field\" data-rule-smart-phone-field=\"true\" name=\"wpforms[fields][4]\" required><\/div><div id=\"wpforms-237-field_8-container\" class=\"wpforms-field wpforms-field-phone wpforms-one-half wpforms-first wpforms-one-half wpforms-firstwpforms-one-half\" data-field-id=\"8\"><label class=\"wpforms-field-label\" for=\"wpforms-237-field_8\">Fax No<\/label><input type=\"tel\" id=\"wpforms-237-field_8\" class=\"wpforms-field-large wpforms-smart-phone-field\" data-rule-smart-phone-field=\"true\" name=\"wpforms[fields][8]\" ><\/div><div id=\"wpforms-237-field_15-container\" class=\"wpforms-field wpforms-field-text wpforms-one-half\" data-field-id=\"15\"><label class=\"wpforms-field-label\" for=\"wpforms-237-field_15\">Tax number * <span class=\"wpforms-required-label\">*<\/span><\/label><input type=\"text\" id=\"wpforms-237-field_15\" class=\"wpforms-field-large wpforms-field-required\" name=\"wpforms[fields][15]\" required><\/div><div id=\"wpforms-237-field_16-container\" class=\"wpforms-field wpforms-field-text wpforms-one-half wpforms-first\" data-field-id=\"16\"><label class=\"wpforms-field-label\" for=\"wpforms-237-field_16\">Tax Administration * <span class=\"wpforms-required-label\">*<\/span><\/label><input type=\"text\" id=\"wpforms-237-field_16\" class=\"wpforms-field-large wpforms-field-required\" name=\"wpforms[fields][16]\" required><\/div><div id=\"wpforms-237-field_17-container\" class=\"wpforms-field wpforms-field-text wpforms-one-half\" data-field-id=\"17\"><label class=\"wpforms-field-label\" for=\"wpforms-237-field_17\">TR Identity * <span class=\"wpforms-required-label\">*<\/span><\/label><input type=\"text\" id=\"wpforms-237-field_17\" class=\"wpforms-field-large wpforms-field-required wpforms-limit-characters-enabled\" data-form-id=\"237\" data-field-id=\"17\" data-text-limit=\"11\" name=\"wpforms[fields][17]\" maxlength=\"11\" required><\/div><div id=\"wpforms-237-field_18-container\" class=\"wpforms-field wpforms-field-text wpforms-one-half wpforms-first\" data-field-id=\"18\"><label class=\"wpforms-field-label\" for=\"wpforms-237-field_18\">Province * <span class=\"wpforms-required-label\">*<\/span><\/label><input type=\"text\" id=\"wpforms-237-field_18\" class=\"wpforms-field-large wpforms-field-required\" name=\"wpforms[fields][18]\" required><\/div><div id=\"wpforms-237-field_19-container\" class=\"wpforms-field wpforms-field-text wpforms-one-half\" data-field-id=\"19\"><label class=\"wpforms-field-label\" for=\"wpforms-237-field_19\">District * <span class=\"wpforms-required-label\">*<\/span><\/label><input type=\"text\" id=\"wpforms-237-field_19\" class=\"wpforms-field-large wpforms-field-required\" name=\"wpforms[fields][19]\" required><\/div><div id=\"wpforms-237-field_20-container\" class=\"wpforms-field wpforms-field-textarea\" data-field-id=\"20\"><label class=\"wpforms-field-label\" for=\"wpforms-237-field_20\">Address * <span class=\"wpforms-required-label\">*<\/span><\/label><textarea id=\"wpforms-237-field_20\" class=\"wpforms-field-large wpforms-field-required\" name=\"wpforms[fields][20]\" required><\/textarea><\/div><div id=\"wpforms-237-field_21-container\" class=\"wpforms-field wpforms-field-textarea\" data-field-id=\"21\"><label class=\"wpforms-field-label\" for=\"wpforms-237-field_21\">Vehicle Groups You Work With<\/label><textarea id=\"wpforms-237-field_21\" class=\"wpforms-field-small\" name=\"wpforms[fields][21]\" ><\/textarea><\/div><div id=\"wpforms-237-field_22-container\" class=\"wpforms-field wpforms-field-select wpforms-one-half wpforms-first wpforms-field-select-style-modern\" data-field-id=\"22\"><label class=\"wpforms-field-label\" for=\"wpforms-237-field_22\">Way of Working * <span class=\"wpforms-required-label\">*<\/span><\/label><select id=\"wpforms-237-field_22\" class=\"wpforms-field-large wpforms-field-required choicesjs-select\" data-size-class=\"wpforms-field-row wpforms-field-large\" data-search-enabled=\"\" name=\"wpforms[fields][22]\" required=\"required\"><option value=\"\" class=\"placeholder\" disabled selected='selected'>Toptan<\/option><option value=\"Toptan\" >Toptan<\/option><option value=\"Perakende\" >Perakende<\/option><\/select><\/div><div id=\"wpforms-237-field_23-container\" class=\"wpforms-field wpforms-field-select wpforms-one-half wpforms-field-select-style-modern\" data-field-id=\"23\"><label class=\"wpforms-field-label\" for=\"wpforms-237-field_23\">Payment Method * <span class=\"wpforms-required-label\">*<\/span><\/label><select id=\"wpforms-237-field_23\" class=\"wpforms-field-large wpforms-field-required choicesjs-select\" data-size-class=\"wpforms-field-row wpforms-field-large\" data-search-enabled=\"\" name=\"wpforms[fields][23]\" required=\"required\"><option value=\"\" class=\"placeholder\" disabled selected='selected'>Pe\u015fin<\/option><option value=\"Pe\u015fin\" >Pe\u015fin<\/option><option value=\"Vadeli\" >Vadeli<\/option><\/select><\/div><\/div><div class=\"wpforms-submit-container\"><input type=\"hidden\" name=\"wpforms[id]\" value=\"237\"><input type=\"hidden\" name=\"wpforms[author]\" value=\"1\"><button type=\"submit\" name=\"wpforms[submit]\" id=\"wpforms-submit-237\" class=\"wpforms-submit\" data-alt-text=\"Sending...\" data-submit-text=\"Submit\" aria-live=\"assertive\" value=\"wpforms-submit\">Submit<\/button><img loading=\"lazy\" decoding=\"async\" src=\"https:\/\/bescherauto.com\/wp-content\/plugins\/wpforms\/assets\/images\/submit-spin.svg\" class=\"wpforms-submit-spinner\" style=\"display: none;\" width=\"26\" height=\"26\" alt=\"\"><\/div><input type=\"hidden\" name=\"trp-form-language\" value=\"en\"\/><\/form><\/div>  <!-- .wpforms-container -->\t\n\t\t<\/div>\n\t<\/div>\n<\/div><\/div><\/div><\/section>","protected":false},"excerpt":{"rendered":"L\u00fctfen a\u015fa\u011f\u0131daki bayilik formunu eksiksiz doldurup bizlere g\u00f6nderin. En k\u0131sa s\u00fcrede sizlere d\u00f6n\u00fc\u015f olacakt\u0131r. Please enable JavaScript in your browser to complete this form.Firma \u00dcnvan\u0131 *Firma Yetkilisi *E-Posta *Telefon *Fax NoVergi No *Vergi Dairesi *TC Kimlik *\u0130l *\u0130l\u00e7e *Adres *\u00c7al\u0131\u015ft\u0131\u011f\u0131n\u0131z Ara\u00e7 Gruplar\u0131\u00c7al\u0131\u015fma \u015eekli *ToptanToptanPerakende\u00d6deme \u015eekli *Pe\u015finPe\u015finVadeliSubmit","protected":false},"author":1,"featured_media":0,"parent":0,"menu_order":0,"comment_status":"closed","ping_status":"closed","template":"","meta":{"footnotes":""},"class_list":["post-238","page","type-page","status-publish","hentry"],"_links":{"self":[{"href":"https:\/\/bescherauto.com\/en\/wp-json\/wp\/v2\/pages\/238","targetHints":{"allow":["GET"]}}],"collection":[{"href":"https:\/\/bescherauto.com\/en\/wp-json\/wp\/v2\/pages"}],"about":[{"href":"https:\/\/bescherauto.com\/en\/wp-json\/wp\/v2\/types\/page"}],"author":[{"embeddable":true,"href":"https:\/\/bescherauto.com\/en\/wp-json\/wp\/v2\/users\/1"}],"replies":[{"embeddable":true,"href":"https:\/\/bescherauto.com\/en\/wp-json\/wp\/v2\/comments?post=238"}],"version-history":[{"count":3,"href":"https:\/\/bescherauto.com\/en\/wp-json\/wp\/v2\/pages\/238\/revisions"}],"predecessor-version":[{"id":244,"href":"https:\/\/bescherauto.com\/en\/wp-json\/wp\/v2\/pages\/238\/revisions\/244"}],"wp:attachment":[{"href":"https:\/\/bescherauto.com\/en\/wp-json\/wp\/v2\/media?parent=238"}],"curies":[{"name":"wp","href":"https:\/\/api.w.org\/{rel}","templated":true}]}}