{"id":39,"date":"2016-08-11T08:55:34","date_gmt":"2016-08-11T08:55:34","guid":{"rendered":"http:\/\/sw-themes.com\/porto_dummy\/law-firm\/?page_id=39"},"modified":"2023-02-06T23:01:10","modified_gmt":"2023-02-06T20:01:10","slug":"hakkimizda","status":"publish","type":"page","link":"https:\/\/bescherauto.com\/en\/hakkimizda\/","title":{"rendered":"About Us"},"content":{"rendered":"<section class=\"vc_section vc_custom_1675691528526\"><div class=\"vc_row wpb_row row\"><div class=\"vc_column_container col-md-6\"><div class=\"wpb_wrapper vc_column-inner\">\n\t<div class=\"wpb_single_image wpb_content_element vc_align_center\">\n\t\t<div class=\"wpb_wrapper\">\n\t\t\t\n\t\t\t<div class=\"vc_single_image-wrapper   vc_box_border_grey\"><img loading=\"lazy\" decoding=\"async\" width=\"500\" height=\"130\" src=\"https:\/\/bescherauto.com\/wp-content\/uploads\/2023\/02\/Logo-Bescher.webp\" class=\"vc_single_image-img attachment-full\" alt=\"\" srcset=\"https:\/\/bescherauto.com\/wp-content\/uploads\/2023\/02\/Logo-Bescher.webp 500w, https:\/\/bescherauto.com\/wp-content\/uploads\/2023\/02\/Logo-Bescher-400x104.webp 400w, https:\/\/bescherauto.com\/wp-content\/uploads\/2023\/02\/Logo-Bescher-367x95.webp 367w\" sizes=\"auto, (max-width: 500px) 100vw, 500px\" \/><\/div>\n\t\t<\/div>\n\t<\/div>\n<div class=\"porto-u-heading\" data-hspacer=\"line_only\" data-halign=\"center\" style=\"text-align:center\"><div class=\"porto-u-main-heading\"><h2>Who Are We ?<\/h2><\/div><div class=\"porto-u-heading-spacer line_only\" style=\"height:1px;\"><span class=\"porto-u-headings-line\" style=\"border-style:solid;border-bottom-width:1px;border-color:#dd2b1c;width:80px;\"><\/span><\/div><div class=\"porto-u-sub-heading\" style=\"\">\n<p>&nbsp;<\/p>\n<p style=\"text-align: left;\"><span style=\"vertical-align: inherit;\"><span style=\"vertical-align: inherit;\"><span style=\"vertical-align: inherit;\"><span style=\"vertical-align: inherit;\"><span style=\"vertical-align: inherit;\"><span style=\"vertical-align: inherit;\">As BESCHER OTOMOT\u0130V, our company, located in YEDPA Trade Center, without sacrificing quality in the spare parts sector since the first day of its establishment, manufactures and imports spare parts for RENAULT, DACIA, FIAT, PEUGEOT, OPEL, VOLKWAGEN, FORD vehicle brands to our customers.<\/span><\/span><\/span><\/span><\/span><\/span><\/p>\n<p style=\"text-align: left;\"><span style=\"vertical-align: inherit;\"><span style=\"vertical-align: inherit;\"><span style=\"vertical-align: inherit;\"><span style=\"vertical-align: inherit;\"><span style=\"vertical-align: inherit;\"><span style=\"vertical-align: inherit;\">Our adventure, which started in the auto spare parts sector in 1997, was riveted by activating BESCHER OTOMOT\u0130V in 2019. Our aim is to be a pioneer and leader in the auto spare parts sector by offering our 26 years of experience, knowledge and experience to our valued customers, without sacrificing quality.<\/span><\/span><\/span><\/span><\/span><\/span><\/p>\n<p><\/div><\/div><\/div><\/div><div class=\"vc_column_container col-md-6\"><div class=\"wpb_wrapper vc_column-inner\">\n\t<div class=\"wpb_single_image wpb_content_element vc_align_center\">\n\t\t<div class=\"wpb_wrapper\">\n\t\t\t\n\t\t\t<div class=\"vc_single_image-wrapper   vc_box_border_grey\"><img loading=\"lazy\" decoding=\"async\" width=\"500\" height=\"130\" src=\"https:\/\/bescherauto.com\/wp-content\/uploads\/2023\/02\/m2.webp\" class=\"vc_single_image-img attachment-full\" alt=\"\" srcset=\"https:\/\/bescherauto.com\/wp-content\/uploads\/2023\/02\/m2.webp 500w, https:\/\/bescherauto.com\/wp-content\/uploads\/2023\/02\/m2-400x104.webp 400w, https:\/\/bescherauto.com\/wp-content\/uploads\/2023\/02\/m2-367x95.webp 367w\" sizes=\"auto, (max-width: 500px) 100vw, 500px\" \/><\/div>\n\t\t<\/div>\n\t<\/div>\n<div class=\"porto-u-heading\" data-hspacer=\"line_only\" data-halign=\"center\" style=\"text-align:center\"><div class=\"porto-u-main-heading\"><h2>Our Company Brands<\/h2><\/div><div class=\"porto-u-heading-spacer line_only\" style=\"height:1px;\"><span class=\"porto-u-headings-line\" style=\"border-style:solid;border-bottom-width:1px;border-color:#dd2b1c;width:80px;\"><\/span><\/div><div class=\"porto-u-sub-heading\" style=\"\">\n<p>&nbsp;<\/p>\n<p style=\"text-align: left;\"><span style=\"vertical-align: inherit;\"><span style=\"vertical-align: inherit;\"><span style=\"vertical-align: inherit;\"><span style=\"vertical-align: inherit;\"><span style=\"vertical-align: inherit;\"><span style=\"vertical-align: inherit;\"><span style=\"vertical-align: inherit;\"><span style=\"vertical-align: inherit;\"><span style=\"vertical-align: inherit;\"><span style=\"vertical-align: inherit;\"><span style=\"vertical-align: inherit;\"><span style=\"vertical-align: inherit;\"><span style=\"vertical-align: inherit;\"><span style=\"vertical-align: inherit;\">Our company, with its wide product range, has taken its place in the Turkish market with BESCHER, NEIMAN and AKKD brands. It is an independent manufacturing, import and wholesale marketing company operating in the spare parts sector of passenger and light vehicle groups. Our company, which adopts the principle of on-time delivery, stocked work, customer satisfaction, trust, stability and quality with its wide product range and high-tech products, has a voice in the Turkish market today.<\/span><\/span><\/span><\/span><\/span><\/span><\/span><\/span><\/span><\/span><\/span><\/span><\/span><\/span><\/p>\n<p style=\"text-align: left;\"><span style=\"vertical-align: inherit;\"><span style=\"vertical-align: inherit;\"><span style=\"vertical-align: inherit;\"><span style=\"vertical-align: inherit;\"><span style=\"vertical-align: inherit;\"><span style=\"vertical-align: inherit;\"><span style=\"vertical-align: inherit;\"><span style=\"vertical-align: inherit;\"><span style=\"vertical-align: inherit;\"><span style=\"vertical-align: inherit;\"><span style=\"vertical-align: inherit;\"><span style=\"vertical-align: inherit;\"><span style=\"vertical-align: inherit;\"><span style=\"vertical-align: inherit;\"><span style=\"vertical-align: inherit;\"><span style=\"vertical-align: inherit;\">Our principle is sustainable growth by placing \"Continuous Quality\" and \"Unconditional Customer Satisfaction\" in business processes.<\/span><\/span><\/span><\/span><\/span><\/span><\/span><\/span><\/span><\/span><\/span><\/span><\/span><\/span><\/span><\/span><\/p>\n<p style=\"text-align: left;\">Let's Be a Part of You!<\/p>\n<p><\/div><\/div><\/div><\/div><\/div><\/section><section data-vc-full-width=\"true\" data-vc-full-width-init=\"false\" data-vc-stretch-content=\"true\" class=\"vc_section vc_custom_1675712955638 vc_section-has-fill\"><div class=\"vc_row wpb_row row\"><div class=\"vc_column_container col-md-12\"><div class=\"wpb_wrapper vc_column-inner\">\n\t<div class=\"wpb_text_column wpb_content_element  vc_custom_1675712780563\" >\n\t\t<div class=\"wpb_wrapper\">\n\t\t\t\n\t\t<\/div>\n\t<\/div>\n<\/div><\/div><\/div><\/section><div class=\"vc_row-full-width vc_clearfix\"><\/div>","protected":false},"excerpt":{"rendered":"Biz Kimiz ? &nbsp; BESCHER OTOMOT\u0130V Olarak kuruldu\u011fumuz ilk g\u00fcnden itibaren yedek par\u00e7a sekt\u00f6r\u00fcnde kaliteden \u00f6d\u00fcn vermeden YEDPA Ticaret Merkezinde bulunan \u015firketimiz ,m\u00fc\u015fterilerimize RENAULT,DACIA,FIAT,PEUGEOT,OPEL,VOLKWAGEN,FORD ara\u00e7 markalar\u0131n\u0131n yedek par\u00e7a imalat ve ithalat\u0131n\u0131 yapmaktad\u0131r. Oto yedek par\u00e7a sekt\u00f6r\u00fcnde 1997 y\u0131l\u0131nda ba\u015flayan ser\u00fcvenimiz 2019 y\u0131l\u0131nda BESCHER OTOMOT\u0130V firmas\u0131n\u0131 faaliyete ge\u00e7irerek per\u00e7inlenmi\u015ftir.Sekt\u00f6rdeki 26 y\u0131ll\u0131k tecr\u00fcbe,birikim ve deneyimimizi siz degerli [...]","protected":false},"author":1,"featured_media":0,"parent":0,"menu_order":0,"comment_status":"closed","ping_status":"closed","template":"","meta":{"footnotes":""},"class_list":["post-39","page","type-page","status-publish","hentry"],"_links":{"self":[{"href":"https:\/\/bescherauto.com\/en\/wp-json\/wp\/v2\/pages\/39","targetHints":{"allow":["GET"]}}],"collection":[{"href":"https:\/\/bescherauto.com\/en\/wp-json\/wp\/v2\/pages"}],"about":[{"href":"https:\/\/bescherauto.com\/en\/wp-json\/wp\/v2\/types\/page"}],"author":[{"embeddable":true,"href":"https:\/\/bescherauto.com\/en\/wp-json\/wp\/v2\/users\/1"}],"replies":[{"embeddable":true,"href":"https:\/\/bescherauto.com\/en\/wp-json\/wp\/v2\/comments?post=39"}],"version-history":[{"count":3,"href":"https:\/\/bescherauto.com\/en\/wp-json\/wp\/v2\/pages\/39\/revisions"}],"predecessor-version":[{"id":249,"href":"https:\/\/bescherauto.com\/en\/wp-json\/wp\/v2\/pages\/39\/revisions\/249"}],"wp:attachment":[{"href":"https:\/\/bescherauto.com\/en\/wp-json\/wp\/v2\/media?parent=39"}],"curies":[{"name":"wp","href":"https:\/\/api.w.org\/{rel}","templated":true}]}}