{"id":65,"date":"2016-08-11T07:18:41","date_gmt":"2016-08-11T07:18:41","guid":{"rendered":"http:\/\/sw-themes.com\/porto_dummy\/law-firm\/?page_id=2"},"modified":"2023-02-08T14:20:05","modified_gmt":"2023-02-08T11:20:05","slug":"iletisim","status":"publish","type":"page","link":"https:\/\/bescherauto.com\/en\/iletisim\/","title":{"rendered":"\u0130letisim"},"content":{"rendered":"<div class=\"vc_row wpb_row porto-inner-container\"><div class=\"porto-wrap-container container\"><div class=\"row\"><div class=\"vc_column_container col-md-7\"><div class=\"wpb_wrapper vc_column-inner\"><h2 style=\"font-size: 36px\" class=\"vc_custom_heading m-b-md align-left\">Contact<\/h2><div class=\"porto-separator\"><div class=\"divider divider-small  align_left solid\"><hr  style=\"background-color:#dd2b1c;height:3px;\"><\/div><\/div>\n\t<div class=\"wpb_text_column wpb_content_element  lead m-b-lg\" >\n\t\t<div class=\"wpb_wrapper\">\n\t\t\t<p>You will be returned as soon as possible.<\/p>\n\n\t\t<\/div>\n\t<\/div>\n\n<div class=\"wpcf7 no-js\" id=\"wpcf7-f58-o1\" lang=\"en-US\" dir=\"ltr\">\n<div class=\"screen-reader-response\"><p role=\"status\" aria-live=\"polite\" aria-atomic=\"true\"><\/p> <ul><\/ul><\/div>\n<form action=\"\/en\/wp-json\/wp\/v2\/pages\/65#wpcf7-f58-o1\" method=\"post\" class=\"wpcf7-form init\" aria-label=\"Contact form\" novalidate=\"novalidate\" data-status=\"init\" data-trp-original-action=\"\/en\/wp-json\/wp\/v2\/pages\/65#wpcf7-f58-o1\">\n<div style=\"display: none;\">\n<input type=\"hidden\" name=\"_wpcf7\" value=\"58\" \/>\n<input type=\"hidden\" name=\"_wpcf7_version\" value=\"5.7.3\" \/>\n<input type=\"hidden\" name=\"_wpcf7_locale\" value=\"en_US\" \/>\n<input type=\"hidden\" name=\"_wpcf7_unit_tag\" value=\"wpcf7-f58-o1\" \/>\n<input type=\"hidden\" name=\"_wpcf7_container_post\" value=\"0\" \/>\n<input type=\"hidden\" name=\"_wpcf7_posted_data_hash\" value=\"\" \/>\n<\/div>\n<div class=\"row\">\n\t<div class=\"col-lg-12\">\n\t\t<div class=\"form-group\">\n\t\t\t<p><span class=\"wpcf7-form-control-wrap\" data-name=\"your-name\"><input size=\"40\" class=\"wpcf7-form-control wpcf7-text wpcf7-validates-as-required form-control input-lg\" id=\"contact-name\" aria-required=\"true\" aria-invalid=\"false\" placeholder=\"Name\" value=\"\" type=\"text\" name=\"your-name\" \/><\/span>\n\t\t\t<\/p>\n\t\t<\/div>\n\t<\/div>\n\t<div class=\"col-lg-12\">\n\t\t<div class=\"form-group\">\n\t\t\t<p><span class=\"wpcf7-form-control-wrap\" data-name=\"your-email\"><input size=\"40\" class=\"wpcf7-form-control wpcf7-text wpcf7-email wpcf7-validates-as-required wpcf7-validates-as-email form-control input-lg\" id=\"contact-email\" aria-required=\"true\" aria-invalid=\"false\" placeholder=\"E-Mail Address\" value=\"\" type=\"email\" name=\"your-email\" \/><\/span>\n\t\t\t<\/p>\n\t\t<\/div>\n\t<\/div>\n\t<div class=\"col-lg-12\">\n\t\t<div class=\"form-group\">\n\t\t\t<p><span class=\"wpcf7-form-control-wrap\" data-name=\"your-subject\"><input size=\"40\" class=\"wpcf7-form-control wpcf7-text wpcf7-validates-as-required form-control input-lg\" id=\"contact-subject\" aria-required=\"true\" aria-invalid=\"false\" placeholder=\"Subject *\" value=\"\" type=\"text\" name=\"your-subject\" \/><\/span>\n\t\t\t<\/p>\n\t\t<\/div>\n\t<\/div>\n\t<div class=\"col-lg-12\">\n\t\t<div class=\"form-group\">\n\t\t\t<p><span class=\"wpcf7-form-control-wrap\" data-name=\"your-message\"><textarea cols=\"40\" rows=\"5\" class=\"wpcf7-form-control wpcf7-textarea wpcf7-validates-as-required form-control input-lg\" id=\"contact-message\" aria-required=\"true\" aria-invalid=\"false\" placeholder=\"Message\" name=\"your-message\"><\/textarea><\/span>\n\t\t\t<\/p>\n\t\t<\/div>\n\t<\/div>\n\t<div class=\"col-lg-12\">\n\t\t<div class=\"form-group\">\n\t\t\t<p><input class=\"wpcf7-form-control has-spinner wpcf7-submit btn btn-primary btn-lg\" type=\"submit\" value=\"Send an Email\" \/>\n\t\t\t<\/p>\n\t\t<\/div>\n\t<\/div>\n<\/div><div class=\"wpcf7-response-output\" aria-hidden=\"true\"><\/div>\n<input type=\"hidden\" name=\"trp-form-language\" value=\"en\"\/><\/form>\n<\/div>\n<\/div><\/div><div class=\"vc_column_container col-md-1\"><div class=\"wpb_wrapper vc_column-inner\"><\/div><\/div><div class=\"vc_column_container col-md-4\"><div class=\"wpb_wrapper vc_column-inner\"><h4  class=\"vc_custom_heading align-left\">Our Contact Information<\/h4><div class=\"porto-separator   m-b-lg\"><div class=\"divider divider-small  align_left solid\"><hr  style=\"background-color:#dd2b1c;height:3px;\"><\/div><\/div><div class=\"porto-sicon-box style_1 default-icon\"><div class=\"porto-sicon-default\"><div id=\"porto-icon-153396776269f3c6ef35b83\" class=\"porto-just-icon-wrapper\" style=\"text-align:center;\"><div class=\"porto-icon circle\" style=\"color:#ffffff;background:#dd2b1c;font-size:14px;display:inline-block;\"><i class=\"fas fa-map-marker-alt\"><\/i><\/div><\/div><\/div><div class=\"porto-sicon-header\"><h3 class=\"porto-sicon-title\" style=\"font-size:14px;color:#777777;\"><strong>Adres :<\/strong> Mimar Sinan Mah. Yedpa Tic. Merk. F Cad. No:58 Atasehir \/ \u0130STANBUL<\/h3><\/div> <!-- header --><\/div><!-- porto-sicon-box --><div class=\"porto-sicon-box style_1 default-icon\"><div class=\"porto-sicon-default\"><div id=\"porto-icon-12591253369f3c6ef35c62\" class=\"porto-just-icon-wrapper\" style=\"text-align:center;\"><div class=\"porto-icon circle\" style=\"color:#ffffff;background:#dd2b1c;font-size:14px;display:inline-block;\"><i class=\"fas fa-phone\"><\/i><\/div><\/div><\/div><div class=\"porto-sicon-header\"><h3 class=\"porto-sicon-title\" style=\"font-size:14px;color:#777777;\"><strong>Phone:<\/strong> 0(532) 546 18 50<\/h3><\/div> <!-- header --><\/div><!-- porto-sicon-box --><div class=\"porto-sicon-box style_1 default-icon\"><div class=\"porto-sicon-default\"><div id=\"porto-icon-153509321969f3c6ef35d09\" class=\"porto-just-icon-wrapper\" style=\"text-align:center;\"><div class=\"porto-icon circle\" style=\"color:#ffffff;background:#dd2b1c;font-size:14px;display:inline-block;\"><i class=\"fas fa-phone\"><\/i><\/div><\/div><\/div><div class=\"porto-sicon-header\"><h3 class=\"porto-sicon-title\" style=\"font-size:14px;color:#777777;\"><strong>Phone:<\/strong> 0(216) 999 45 76<\/h3><\/div> <!-- header --><\/div><!-- porto-sicon-box --><div class=\"porto-sicon-box style_1 default-icon\"><div class=\"porto-sicon-default\"><div id=\"porto-icon-177321672669f3c6ef35dc2\" class=\"porto-just-icon-wrapper\" style=\"text-align:center;\"><div class=\"porto-icon circle\" style=\"color:#ffffff;background:#dd2b1c;font-size:14px;display:inline-block;\"><i class=\"fas fa-envelope-open\"><\/i><\/div><\/div><\/div><div class=\"porto-sicon-header\"><h3 class=\"porto-sicon-title\" style=\"font-size:14px;color:#777777;\"><strong>Email:<\/strong> bescher@bescherauto.com<\/h3><\/div> <!-- header --><\/div><!-- porto-sicon-box --><h4  class=\"vc_custom_heading m-t-xlg align-left\">Our Working Hours:<\/h4><div class=\"porto-separator   m-b-lg\"><div class=\"divider divider-small  align_left solid\"><hr  style=\"background-color:#dd2b1c;height:3px;\"><\/div><\/div><div class=\"porto-sicon-box style_1 default-icon\"><div class=\"porto-sicon-default\"><div id=\"porto-icon-153020681669f3c6ef35fc4\" class=\"porto-just-icon-wrapper\" style=\"text-align:center;\"><div class=\"porto-icon none\" style=\"color:#dd2b1c;font-size:14px;display:inline-block;\"><i class=\"far fa-clock\"><\/i><\/div><\/div><\/div><div class=\"porto-sicon-header\"><h3 class=\"porto-sicon-title\" style=\"font-size:14px;color:#777777;\">Monday - Friday 08:00 - 19:00<\/h3><\/div> <!-- header --><\/div><!-- porto-sicon-box --><div class=\"porto-sicon-box style_1 default-icon\"><div class=\"porto-sicon-default\"><div id=\"porto-icon-76713326969f3c6ef3606a\" class=\"porto-just-icon-wrapper\" style=\"text-align:center;\"><div class=\"porto-icon none\" style=\"color:#dd2b1c;font-size:14px;display:inline-block;\"><i class=\"far fa-clock\"><\/i><\/div><\/div><\/div><div class=\"porto-sicon-header\"><h3 class=\"porto-sicon-title\" style=\"font-size:14px;color:#777777;\">Weekend - CLOSED<\/h3><\/div> <!-- header --><\/div><!-- porto-sicon-box --><\/div><\/div><\/div><\/div><\/div>","protected":false},"excerpt":{"rendered":"\u0130leti\u015fim Sizlere en k\u0131sa s\u00fcrede d\u00f6n\u00fc\u015f sa\u011flanacakt\u0131r. \u0130leti\u015fim BilgileriAdres : Mimar Sinan Mah. Yedpa Tic. Merk. F Cad. No:58 Atasehir \/ \u0130STANBUL Telefon : 0(532) 546 18 50 Telefon : 0(216) 999 45 76 Email: bescher@bescherauto.com \u00c7al\u0131\u015fma SatlerimizPazartesi - Cuma 08:00 - 19:00 Hafta Sonu - KAPALI","protected":false},"author":1,"featured_media":0,"parent":0,"menu_order":0,"comment_status":"closed","ping_status":"open","template":"","meta":{"footnotes":""},"class_list":["post-65","page","type-page","status-publish","hentry"],"_links":{"self":[{"href":"https:\/\/bescherauto.com\/en\/wp-json\/wp\/v2\/pages\/65","targetHints":{"allow":["GET"]}}],"collection":[{"href":"https:\/\/bescherauto.com\/en\/wp-json\/wp\/v2\/pages"}],"about":[{"href":"https:\/\/bescherauto.com\/en\/wp-json\/wp\/v2\/types\/page"}],"author":[{"embeddable":true,"href":"https:\/\/bescherauto.com\/en\/wp-json\/wp\/v2\/users\/1"}],"replies":[{"embeddable":true,"href":"https:\/\/bescherauto.com\/en\/wp-json\/wp\/v2\/comments?post=65"}],"version-history":[{"count":5,"href":"https:\/\/bescherauto.com\/en\/wp-json\/wp\/v2\/pages\/65\/revisions"}],"predecessor-version":[{"id":261,"href":"https:\/\/bescherauto.com\/en\/wp-json\/wp\/v2\/pages\/65\/revisions\/261"}],"wp:attachment":[{"href":"https:\/\/bescherauto.com\/en\/wp-json\/wp\/v2\/media?parent=65"}],"curies":[{"name":"wp","href":"https:\/\/api.w.org\/{rel}","templated":true}]}}