{"id":290,"date":"2023-02-20T16:35:59","date_gmt":"2023-02-20T13:35:59","guid":{"rendered":"https:\/\/bescherauto.com\/?post_type=product&#038;p=290"},"modified":"2023-02-20T16:42:55","modified_gmt":"2023-02-20T13:42:55","slug":"bsc-478037-7701478037-eksantrik-dislisi-kango-clio-1-5-dci-ayarli","status":"publish","type":"product","link":"https:\/\/bescherauto.com\/en\/product\/bsc-478037-7701478037-eksantrik-dislisi-kango-clio-1-5-dci-ayarli\/","title":{"rendered":"BSC 478037-7701478037-EKSANTRIK DISLISI KANGO-CLIO 1.5 DCI  AYARLI"},"content":{"rendered":"","protected":false},"excerpt":{"rendered":"<p>\u00dcR\u00dcN VE STOK B\u0130LG\u0130S\u0130 ALIN.<\/p>","protected":false},"featured_media":291,"comment_status":"open","ping_status":"closed","template":"","meta":[],"product_cat":[25,26],"product_tag":[30,29],"class_list":["post-290","product","type-product","status-publish","has-post-thumbnail","hentry","product_cat-disli-gruplari","product_cat-eksantrik-disli-cesitleri","product_tag-30","product_tag-bsc-478037"],"_links":{"self":[{"href":"https:\/\/bescherauto.com\/en\/wp-json\/wp\/v2\/product\/290","targetHints":{"allow":["GET"]}}],"collection":[{"href":"https:\/\/bescherauto.com\/en\/wp-json\/wp\/v2\/product"}],"about":[{"href":"https:\/\/bescherauto.com\/en\/wp-json\/wp\/v2\/types\/product"}],"replies":[{"embeddable":true,"href":"https:\/\/bescherauto.com\/en\/wp-json\/wp\/v2\/comments?post=290"}],"wp:featuredmedia":[{"embeddable":true,"href":"https:\/\/bescherauto.com\/en\/wp-json\/wp\/v2\/media\/291"}],"wp:attachment":[{"href":"https:\/\/bescherauto.com\/en\/wp-json\/wp\/v2\/media?parent=290"}],"wp:term":[{"taxonomy":"product_cat","embeddable":true,"href":"https:\/\/bescherauto.com\/en\/wp-json\/wp\/v2\/product_cat?post=290"},{"taxonomy":"product_tag","embeddable":true,"href":"https:\/\/bescherauto.com\/en\/wp-json\/wp\/v2\/product_tag?post=290"}],"curies":[{"name":"wp","href":"https:\/\/api.w.org\/{rel}","templated":true}]}}